{"id":24,"date":"2016-12-20T14:23:25","date_gmt":"2016-12-20T20:23:25","guid":{"rendered":"http:\/\/www.t4tes.com\/?page_id=24"},"modified":"2017-10-24T09:55:39","modified_gmt":"2017-10-24T15:55:39","slug":"florencio-bueno","status":"publish","type":"page","link":"https:\/\/www.t4tes.com\/es\/nosotros\/florencio-bueno\/","title":{"rendered":"MSc. Florencio A. Bueno"},"content":{"rendered":"<p><\/p>\n<div style=\"display: table; \">\n<div style=\"display: table-row\">\n<div style=\"display: table-cell; padding: 3px;\">\n<a href=\"https:\/\/www.linkedin.com\/in\/florencio-bueno-4816b5a\/ \" target=\"_blank\"><img loading=\"lazy\" decoding=\"async\" src=\"https:\/\/www.t4tes.com\/wp-content\/uploads\/2016\/12\/in.png\" alt=\"\" width=\"30\" height=\"30\"  class=\"alignnone size-full wp-image-111\" \/><\/a>\n <\/div>\n<div style=\"display: table-cell; padding: 3px;\">\n<a href=\"https:\/\/www.t4tes.com \" target=\"_blank\"><img loading=\"lazy\" decoding=\"async\" src=\"https:\/\/www.t4tes.com\/wp-content\/uploads\/2016\/12\/me.png\" alt=\"\" width=\"30\" height=\"30\" class=\"alignnone size-full wp-image-111\" \/><\/a>\n  <\/div>\n<\/p><\/div>\n<\/div>\n<p>Universidad Tecnol\u00f3gica de la Habana, Cuba.<br \/>\nM\u00e1ster en Educaci\u00f3n<br \/>\nEspecialista en Conducta, Rehabilitaci\u00f3n y Salud Mental<br \/>\nLicenciado en Educaci\u00f3n. Especialidad Matem\u00e1tica<\/p>\n<p>Especialista en Programas de Prevenci\u00f3n, Rehabilitaci\u00f3n de Conducta, Gesti\u00f3n de casos de abuso de sustancias \u00a0(Universidad Central de Oklahoma, 2010). 18 Cr\u00e9ditos de Maestr\u00eda en Educaci\u00f3n (Universidad Nova, 2007). \u00a0Maestr\u00eda en Educaci\u00f3n (Universidad Tecnol\u00f3gica de la Habana, Cuba 2004). Diplomado en Comunicaci\u00f3n para la Gesti\u00f3n Profesional (Habana, 2000); Diplomado en Inform\u00e1tica para la Gesti\u00f3n Empresarial (Habana, 1999). Licenciado en Matem\u00e1tica (Santiago de Cuba, Cuba, 1986).<\/p>\n<p>El MSc. Florencio Bueno es el director ejecutivo de T4T Educational sevices. Tiene m\u00e1s de 30 a\u00f1os de experiencia como educador como facilitador,\u00a0 coordinador, y administrador. Profesor de la Universidad Amaz\u00f3nica de Ecuador y de la Universidad T\u00e9cnica Particular de Loja, Ecuador. En la actualidad se desarrolla como Oficial de Probatoria, \u00a0consejero, manejador de caso y rehabilitaci\u00f3n para adolescentes en riesgo de uso de drogas. \u00a0Ha trabajado en \u00a0organizaciones sin fines de lucro (ONGs) como director, supervisor y coordinador \u00a0de proyectos educativos as\u00ed como \u00a0para el desarrollo comunitario. Ha demostrado experiencia en el manejo de diversidad cultural, incluyendo \u00a0poblaciones ind\u00edgenas. Ha participado en eventos internacionales como ponente en temas de educaci\u00f3n, familia, tecnolog\u00eda y comunidad, entre otros (Ecuador, Cuba, M\u00e9xico, Estados Unidos). Actualmente colabora en investigaciones referentes a La pobreza y las familias inmigrantes, el desarrollo comunitario y el ausentismo escolar.<\/p>","protected":false},"excerpt":{"rendered":"<p>Universidad Tecnol\u00f3gica de la Habana, Cuba. M\u00e1ster en Educaci\u00f3n Especialista en Conducta, Rehabilitaci\u00f3n y Salud Mental Licenciado en Educaci\u00f3n. Especialidad Matem\u00e1tica Especialista en Programas de Prevenci\u00f3n, Rehabilitaci\u00f3n de Conducta, Gesti\u00f3n de casos de abuso de sustancias \u00a0(Universidad Central de Oklahoma, 2010). 18 Cr\u00e9ditos de Maestr\u00eda en Educaci\u00f3n (Universidad Nova, 2007). \u00a0Maestr\u00eda en Educaci\u00f3n (Universidad Tecnol\u00f3gica [&hellip;]<\/p>\n","protected":false},"author":1,"featured_media":81,"parent":6,"menu_order":0,"comment_status":"closed","ping_status":"closed","template":"plantilla-profesional.php","meta":{"footnotes":""},"_links":{"self":[{"href":"https:\/\/www.t4tes.com\/es\/wp-json\/wp\/v2\/pages\/24"}],"collection":[{"href":"https:\/\/www.t4tes.com\/es\/wp-json\/wp\/v2\/pages"}],"about":[{"href":"https:\/\/www.t4tes.com\/es\/wp-json\/wp\/v2\/types\/page"}],"author":[{"embeddable":true,"href":"https:\/\/www.t4tes.com\/es\/wp-json\/wp\/v2\/users\/1"}],"replies":[{"embeddable":true,"href":"https:\/\/www.t4tes.com\/es\/wp-json\/wp\/v2\/comments?post=24"}],"version-history":[{"count":0,"href":"https:\/\/www.t4tes.com\/es\/wp-json\/wp\/v2\/pages\/24\/revisions"}],"up":[{"embeddable":true,"href":"https:\/\/www.t4tes.com\/es\/wp-json\/wp\/v2\/pages\/6"}],"wp:featuredmedia":[{"embeddable":true,"href":"https:\/\/www.t4tes.com\/es\/wp-json\/wp\/v2\/media\/81"}],"wp:attachment":[{"href":"https:\/\/www.t4tes.com\/es\/wp-json\/wp\/v2\/media?parent=24"}],"curies":[{"name":"wp","href":"https:\/\/api.w.org\/{rel}","templated":true}]}}