{"id":25,"date":"2016-12-20T14:23:29","date_gmt":"2016-12-20T20:23:29","guid":{"rendered":"http:\/\/www.t4tes.com\/?page_id=25"},"modified":"2017-10-24T10:31:36","modified_gmt":"2017-10-24T16:31:36","slug":"reinaldo-portal-domingo","status":"publish","type":"page","link":"https:\/\/www.t4tes.com\/es\/nosotros\/reinaldo-portal-domingo\/","title":{"rendered":"Dr. Reinaldo Portal Domingo"},"content":{"rendered":"<div style=\"display: table; \">\n<div style=\"display: table-row\">\n<div style=\"display: table-cell; padding: 3px;\">\n<a href=\"https:\/\/www.linkedin.com\/in\/reynaldo-portal-7589b833\/\" target=\"_blank\"><img loading=\"lazy\" decoding=\"async\" src=\"https:\/\/www.t4tes.com\/wp-content\/uploads\/2016\/12\/in.png\" alt=\"\" width=\"30\" height=\"30\"  class=\"alignnone size-full wp-image-111\" \/><\/a>\n <\/div>\n<\/p><\/div>\n<\/div>\n<p>Doctor en Tecnolog\u00eda en Educaci\u00f3n, Academia de Rusia<br \/>\nLicenciado en Filolog\u00eda, Universidad Pedag\u00f3gica de Mosc\u00fa, Rusia.<\/p>\n<p>El Dr. Reinaldo Portal posee post-doctorado por la Universidad Nacional a Distancia (UNED) de Madrid, Espa\u00f1a (2015), doctorado en Tecnolog\u00eda de la Educaci\u00f3n por la Academia de Educaci\u00f3n de Rusia (1992). Se gradu\u00f3 en Filolog\u00eda en la Universidad Pedag\u00f3gica de Mosc\u00fa, Rusia (1978). En la actualidad es docente (profesor asociado IV) de la Universidad Federal de Maranh\u00e3o (UFMA), Brasil. Tiene experiencia en Educaci\u00f3n, con \u00e9nfasis en las siguientes \u00e1reas: Educaci\u00f3n a Distancia, medios de ense\u00f1anza-aprendizaje, uso de la tecnolog\u00eda educativa, inform\u00e1tica educativa, curr\u00edculo, evaluaci\u00f3n, metodolog\u00eda de la investigaci\u00f3n educativa. Es coordinador pedag\u00f3gico del N\u00facleo de Educaci\u00f3n a Distancia de la UFMA. Profesor de la maestr\u00eda en Cultura y Sociedad de (PGCult \/ UFMA). Coordinador de la maestr\u00eda en Artes (Profarte \/ UFMA).<\/p>\n","protected":false},"excerpt":{"rendered":"<p>Doctor en Tecnolog\u00eda en Educaci\u00f3n, Academia de Rusia Licenciado en Filolog\u00eda, Universidad Pedag\u00f3gica de Mosc\u00fa, Rusia. El Dr. Reinaldo Portal posee post-doctorado por la Universidad Nacional a Distancia (UNED) de Madrid, Espa\u00f1a (2015), doctorado en Tecnolog\u00eda de la Educaci\u00f3n por la Academia de Educaci\u00f3n de Rusia (1992). Se gradu\u00f3 en Filolog\u00eda en la Universidad Pedag\u00f3gica [&hellip;]<\/p>\n","protected":false},"author":1,"featured_media":121,"parent":6,"menu_order":0,"comment_status":"closed","ping_status":"closed","template":"plantilla-profesional.php","meta":{"footnotes":""},"_links":{"self":[{"href":"https:\/\/www.t4tes.com\/es\/wp-json\/wp\/v2\/pages\/25"}],"collection":[{"href":"https:\/\/www.t4tes.com\/es\/wp-json\/wp\/v2\/pages"}],"about":[{"href":"https:\/\/www.t4tes.com\/es\/wp-json\/wp\/v2\/types\/page"}],"author":[{"embeddable":true,"href":"https:\/\/www.t4tes.com\/es\/wp-json\/wp\/v2\/users\/1"}],"replies":[{"embeddable":true,"href":"https:\/\/www.t4tes.com\/es\/wp-json\/wp\/v2\/comments?post=25"}],"version-history":[{"count":0,"href":"https:\/\/www.t4tes.com\/es\/wp-json\/wp\/v2\/pages\/25\/revisions"}],"up":[{"embeddable":true,"href":"https:\/\/www.t4tes.com\/es\/wp-json\/wp\/v2\/pages\/6"}],"wp:featuredmedia":[{"embeddable":true,"href":"https:\/\/www.t4tes.com\/es\/wp-json\/wp\/v2\/media\/121"}],"wp:attachment":[{"href":"https:\/\/www.t4tes.com\/es\/wp-json\/wp\/v2\/media?parent=25"}],"curies":[{"name":"wp","href":"https:\/\/api.w.org\/{rel}","templated":true}]}}