{"id":26,"date":"2016-12-20T14:24:57","date_gmt":"2016-12-20T20:24:57","guid":{"rendered":"http:\/\/www.t4tes.com\/?page_id=26"},"modified":"2017-10-24T10:22:02","modified_gmt":"2017-10-24T16:22:02","slug":"walter-riopedres","status":"publish","type":"page","link":"https:\/\/www.t4tes.com\/es\/nosotros\/walter-riopedres\/","title":{"rendered":"MSc. Walter Riopedre"},"content":{"rendered":"<p><\/p>\n<div style=\"display: table; \">\n<div style=\"display: table-row\">\n<div style=\"display: table-cell; padding: 3px;\">\n<a href=\"https:\/\/www.linkedin.com\/in\/walterriopedre \" target=\"_blank\"><img loading=\"lazy\" decoding=\"async\" src=\"https:\/\/www.t4tes.com\/wp-content\/uploads\/2016\/12\/in.png\" alt=\"\" width=\"30\" height=\"30\"  class=\"alignnone size-full wp-image-111\" \/><\/a>\n <\/div>\n<\/p><\/div>\n<\/div>\n<p>M\u00e1ster en Telem\u00e1tica, Universidad Tecnol\u00f3gica de la Habana, Cuba<br \/>\nDiplomado de Administraci\u00f3n de Red Avanzada, Universidad Tecnol\u00f3gica de la Habana<\/p>\n<p>Ingeniero en Telecomunicaciones con m\u00e1s de 20 a\u00f1os de experiencia \u00a0gestionando la Infraestructura de las Tecnolog\u00edas de la Informaci\u00f3n de grandes\u00a0empresas. Amplia\u00a0experiencia\u00a0t\u00e9cnica como ingeniero, como l\u00edder de proyectos y como ejecutivo. Ha recibido entrenamiento y certificaciones en Gesti\u00f3n de Proyectos y Direcci\u00f3n de Empresas en la Universidad de la Habana, Cuba. Posee varios a\u00f1os de experiencia docente, incluyendo el trabajo como profesor adjunto de los cursos de Redes de Computadoras y Seguridad de Redes en la Universidad Tecnol\u00f3gica de la Habana Jos\u00e9 A. Echeverr\u00eda, Cuba (CUJAE). Fue Director de Ventas, Marketing y Servicio al cliente\u00a0en la empresa de telecomunicaciones de Cuba, en la provincia de Santiago de Cuba durante 6 a\u00f1os.<\/p>\n<p>En la actualidad se desempe\u00f1a como ingeniero en sistemas, proveedor de Servicios de Gesti\u00f3n de Tecnolog\u00edas de la Informaci\u00f3n para peque\u00f1as y medianas compa\u00f1\u00edas en m\u00e1s de 20 estados de la uni\u00f3n y diferentes sectores con requerimientos complejos como Salud, Jur\u00eddico, Industrial y Aeron\u00e1utico.<\/p>","protected":false},"excerpt":{"rendered":"<p>M\u00e1ster en Telem\u00e1tica, Universidad Tecnol\u00f3gica de la Habana, Cuba Diplomado de Administraci\u00f3n de Red Avanzada, Universidad Tecnol\u00f3gica de la Habana Ingeniero en Telecomunicaciones con m\u00e1s de 20 a\u00f1os de experiencia \u00a0gestionando la Infraestructura de las Tecnolog\u00edas de la Informaci\u00f3n de grandes\u00a0empresas. Amplia\u00a0experiencia\u00a0t\u00e9cnica como ingeniero, como l\u00edder de proyectos y como ejecutivo. Ha recibido entrenamiento y [&hellip;]<\/p>\n","protected":false},"author":1,"featured_media":116,"parent":6,"menu_order":0,"comment_status":"closed","ping_status":"closed","template":"plantilla-profesional.php","meta":{"footnotes":""},"_links":{"self":[{"href":"https:\/\/www.t4tes.com\/es\/wp-json\/wp\/v2\/pages\/26"}],"collection":[{"href":"https:\/\/www.t4tes.com\/es\/wp-json\/wp\/v2\/pages"}],"about":[{"href":"https:\/\/www.t4tes.com\/es\/wp-json\/wp\/v2\/types\/page"}],"author":[{"embeddable":true,"href":"https:\/\/www.t4tes.com\/es\/wp-json\/wp\/v2\/users\/1"}],"replies":[{"embeddable":true,"href":"https:\/\/www.t4tes.com\/es\/wp-json\/wp\/v2\/comments?post=26"}],"version-history":[{"count":0,"href":"https:\/\/www.t4tes.com\/es\/wp-json\/wp\/v2\/pages\/26\/revisions"}],"up":[{"embeddable":true,"href":"https:\/\/www.t4tes.com\/es\/wp-json\/wp\/v2\/pages\/6"}],"wp:featuredmedia":[{"embeddable":true,"href":"https:\/\/www.t4tes.com\/es\/wp-json\/wp\/v2\/media\/116"}],"wp:attachment":[{"href":"https:\/\/www.t4tes.com\/es\/wp-json\/wp\/v2\/media?parent=26"}],"curies":[{"name":"wp","href":"https:\/\/api.w.org\/{rel}","templated":true}]}}