{"id":32,"date":"2017-02-09T00:22:01","date_gmt":"2017-02-09T06:22:01","guid":{"rendered":"http:\/\/www.t4tes.com\/?page_id=32"},"modified":"2017-10-22T14:55:18","modified_gmt":"2017-10-22T20:55:18","slug":"elsa-herrero","status":"publish","type":"page","link":"https:\/\/www.t4tes.com\/es\/nosotros\/elsa-herrero\/","title":{"rendered":"Dr. Elsa Herrero"},"content":{"rendered":"<p>Doctor en Ciencias Pedag\u00f3gicas, Universidad Tecnol\u00f3gica de la Habana, Cuba.<br \/>\nLicenciada en Educaci\u00f3n, especialidad Qu\u00edmica.<\/p>\n<p>La Dra. Elsa Herrero tiene 35 a\u00f1os de experiencia en la educaci\u00f3n superior cubana. Obtuvo el grado de doctor en Ciencias Pedag\u00f3gicas en 1996 en la actual Universidad Tecnol\u00f3gica de la Habana (cujae). Ejerci\u00f3 como profesora de qu\u00edmica General para las carreras de ingenier\u00eda en la Universidad Tecnol\u00f3gica de la Habana y profesora de Pedagog\u00eda b\u00e1sica para j\u00f3venes profesores. Ha trabajado en los programas de maestr\u00eda: M\u00e1ster en ciencias de la educaci\u00f3n superior y m\u00e1ster en las tecnolog\u00edas de los procesos educativos. Ha participado como investigadora en un n\u00famero importante de proyectos, entre los que se destacan: Desarrollo de medios de materializaci\u00f3n en Qu\u00edmica General para estudiantes de ingenier\u00eda; Implementaci\u00f3n de las TIC (tecnolog\u00edas de la informaci\u00f3n y las comunicaciones) en la educaci\u00f3n universitaria: modelo pedag\u00f3gico para educaci\u00f3n a distancia en el posgrado; Modelo de acompa\u00f1amiento al profesor en la integraci\u00f3n de las TIC. Ha participado en cursos y entrenamientos en Tecnolog\u00eda educativa a trav\u00e9s de la AECI (Agencia Espa\u00f1ola de Cooperaci\u00f3n Internacional) y en la Universidad de C\u00f3rdova, Espa\u00f1a. Ha participado en redes tem\u00e1ticas de Tecnolog\u00eda Educativa con universidades espa\u00f1olas y latinoamericanas. Ha dirigido tesis de maestr\u00eda y doctorado. Ha sido miembro de consejos cient\u00edficos universitarios y fue la directora del Centro de Referencia para la Educaci\u00f3n Avanzada (CREA) de la cujae por 10 a\u00f1os. Ha sido colaboradora en universidades extranjeras en Espa\u00f1a, Panam\u00e1, M\u00e9xico, Ecuador, Venezuela, Colombia, Argentina y Rep\u00fablica Dominicana.<\/p>","protected":false},"excerpt":{"rendered":"<p>Doctor en Ciencias Pedag\u00f3gicas, Universidad Tecnol\u00f3gica de la Habana, Cuba. Licenciada en Educaci\u00f3n, especialidad Qu\u00edmica. La Dra. Elsa Herrero tiene 35 a\u00f1os de experiencia en la educaci\u00f3n superior cubana. Obtuvo el grado de doctor en Ciencias Pedag\u00f3gicas en 1996 en la actual Universidad Tecnol\u00f3gica de la Habana (cujae). Ejerci\u00f3 como profesora de qu\u00edmica General para [&hellip;]<\/p>\n","protected":false},"author":1,"featured_media":34,"parent":6,"menu_order":4,"comment_status":"closed","ping_status":"closed","template":"plantilla-profesional.php","meta":{"footnotes":""},"_links":{"self":[{"href":"https:\/\/www.t4tes.com\/es\/wp-json\/wp\/v2\/pages\/32"}],"collection":[{"href":"https:\/\/www.t4tes.com\/es\/wp-json\/wp\/v2\/pages"}],"about":[{"href":"https:\/\/www.t4tes.com\/es\/wp-json\/wp\/v2\/types\/page"}],"author":[{"embeddable":true,"href":"https:\/\/www.t4tes.com\/es\/wp-json\/wp\/v2\/users\/1"}],"replies":[{"embeddable":true,"href":"https:\/\/www.t4tes.com\/es\/wp-json\/wp\/v2\/comments?post=32"}],"version-history":[{"count":0,"href":"https:\/\/www.t4tes.com\/es\/wp-json\/wp\/v2\/pages\/32\/revisions"}],"up":[{"embeddable":true,"href":"https:\/\/www.t4tes.com\/es\/wp-json\/wp\/v2\/pages\/6"}],"wp:featuredmedia":[{"embeddable":true,"href":"https:\/\/www.t4tes.com\/es\/wp-json\/wp\/v2\/media\/34"}],"wp:attachment":[{"href":"https:\/\/www.t4tes.com\/es\/wp-json\/wp\/v2\/media?parent=32"}],"curies":[{"name":"wp","href":"https:\/\/api.w.org\/{rel}","templated":true}]}}