{"id":36,"date":"2017-02-09T00:23:16","date_gmt":"2017-02-09T06:23:16","guid":{"rendered":"http:\/\/www.t4tes.com\/?page_id=36"},"modified":"2017-03-26T13:20:20","modified_gmt":"2017-03-26T19:20:20","slug":"denise-blum","status":"publish","type":"page","link":"https:\/\/www.t4tes.com\/es\/nosotros\/denise-blum\/","title":{"rendered":"Dr. Denni Blum"},"content":{"rendered":"<p>Doctor en Ciencias de la Educaci\u00f3n, Instrucci\u00f3n y Curr\u00edculo. Universidad de Texas.<br \/>\nLicenciada en Idioma Franc\u00e9s y Espa\u00f1ol, Rhodes College.<\/p>\n<p>Denni Blum, es profesora asociada en la facultad de posgrado de la Universidad Estatal de Oklahoma donde coordina el \u00e1rea de\u00a0fundamentos sociales. Realiz\u00f3 su doctorado en filosof\u00eda (Instrucci\u00f3n y Curr\u00edculo) en la Universidad de Texas en Austin. Graduada de Franc\u00e9s y Espa\u00f1ol en Rhodes College. Dennis tiene vasta experiencia trabajando en ambientes de diversidad cultural, en Centroam\u00e9rica, Sur Am\u00e9rica y el Caribe. Ha dedicado m\u00e1s de 20 a\u00f1os al estudio e investigaci\u00f3n de la educaci\u00f3n cubana. Ha hecho\u00a0 presentaciones a nivel Internacional, es investigadora y docente.<\/p>\n","protected":false},"excerpt":{"rendered":"<p>Doctor en Ciencias de la Educaci\u00f3n, Instrucci\u00f3n y Curr\u00edculo. Universidad de Texas. Licenciada en Idioma Franc\u00e9s y Espa\u00f1ol, Rhodes College. Denni Blum, es profesora asociada en la facultad de posgrado de la Universidad Estatal de Oklahoma donde coordina el \u00e1rea de\u00a0fundamentos sociales. Realiz\u00f3 su doctorado en filosof\u00eda (Instrucci\u00f3n y Curr\u00edculo) en la Universidad de Texas [&hellip;]<\/p>\n","protected":false},"author":1,"featured_media":33,"parent":6,"menu_order":3,"comment_status":"closed","ping_status":"closed","template":"plantilla-profesional.php","meta":{"footnotes":""},"_links":{"self":[{"href":"https:\/\/www.t4tes.com\/es\/wp-json\/wp\/v2\/pages\/36"}],"collection":[{"href":"https:\/\/www.t4tes.com\/es\/wp-json\/wp\/v2\/pages"}],"about":[{"href":"https:\/\/www.t4tes.com\/es\/wp-json\/wp\/v2\/types\/page"}],"author":[{"embeddable":true,"href":"https:\/\/www.t4tes.com\/es\/wp-json\/wp\/v2\/users\/1"}],"replies":[{"embeddable":true,"href":"https:\/\/www.t4tes.com\/es\/wp-json\/wp\/v2\/comments?post=36"}],"version-history":[{"count":0,"href":"https:\/\/www.t4tes.com\/es\/wp-json\/wp\/v2\/pages\/36\/revisions"}],"up":[{"embeddable":true,"href":"https:\/\/www.t4tes.com\/es\/wp-json\/wp\/v2\/pages\/6"}],"wp:featuredmedia":[{"embeddable":true,"href":"https:\/\/www.t4tes.com\/es\/wp-json\/wp\/v2\/media\/33"}],"wp:attachment":[{"href":"https:\/\/www.t4tes.com\/es\/wp-json\/wp\/v2\/media?parent=36"}],"curies":[{"name":"wp","href":"https:\/\/api.w.org\/{rel}","templated":true}]}}