{"id":37,"date":"2017-02-09T00:23:28","date_gmt":"2017-02-09T06:23:28","guid":{"rendered":"http:\/\/www.t4tes.com\/?page_id=37"},"modified":"2017-10-03T15:23:44","modified_gmt":"2017-10-03T21:23:44","slug":"franklin-martinez","status":"publish","type":"page","link":"https:\/\/www.t4tes.com\/es\/nosotros\/franklin-martinez\/","title":{"rendered":"Dr. Franklin Mart\u00ednez Mendoza"},"content":{"rendered":"<p>Doctor en Ciencias Psicol\u00f3gicas, Universidad de la Habana &#8211; Instituto Central de Ciencias Pedag\u00f3gicas<br \/>\nInvestigador en Neurociencias por el Instituto de Investigaciones Cient\u00edficas de la Academia de Ciencias Pedag\u00f3gicas de Rusia<br \/>\nLicenciado en Psicolog\u00eda, Universidad de La Habana<br \/>\nEspecialista en Neurociencias y Educaci\u00f3n de la primera infancia<br \/>\nEspecialista en Educaci\u00f3n prenatal y Estimulaci\u00f3n fetal intrauterina<\/p>\n<p>Tiene m\u00e1s de 40 a\u00f1os de experiencia docente de nivel superior en Cuba y otros pa\u00edses, en universidades de Espa\u00f1a, Estados Unidos, Rusia, Alemania, Portugal, Checoslovaquia, Ecuador, M\u00e9xico, Brasil, El Salvador, entre otras m\u00e1s. Es conferencista invitado de la Organizaci\u00f3n de Estados Iberoamericanos, OEI, desde 2011. Ha participado como ponente en m\u00e1s 100 eventos cient\u00edficos, en Cuba y otros pa\u00edses.<\/p>\n<p>Es Profesor Adjunto de la Facultad de Psicolog\u00eda, Universidad de la Habana, desde 1987, del Instituto Pedag\u00f3gico Latinoamericano y Caribe\u00f1o, IPLAC, desde 1991, as\u00ed como Profesor Adjunto Centro de Referencia Latinoamericano para la Educaci\u00f3n Especial,\u00a0 CELAEE, desde 1991. Investigador del Instituto de la Infancia y Central de Ciencias Pedag\u00f3gicas por m\u00e1s de 40 a\u00f1os.\u00a0 Metod\u00f3logo-inspector (supervisor, asesor) Nacional de la Direcci\u00f3n de Educaci\u00f3n Preescolar del Ministerio de Educaci\u00f3n, desde 1971 hasta 1997. Asesor t\u00e9cnico docente e investigador del Centro de Referencia Latinoamericano para la Educaci\u00f3n Preescolar, desde 1997 a 2003. Consultor investigador internacional desde 2004.<\/p>\n<p>Trabaj\u00f3 como jefe del Grupo de Investigaciones en la edad preescolar en el Instituto Central de Ciencias Pedag\u00f3gicas, en temas como Lenguaje, Computaci\u00f3n, Biling\u00fcismo, entre otros, as\u00ed como miembro del Grupo de Expertos del Plan de Educaci\u00f3n General, Polit\u00e9cnica y Laboral, del Ministerio de Educaci\u00f3n de Cuba.<\/p>\n<p>Ha realizado y dirigido m\u00e1s de 40 investigaciones en Cuba y en el extranjero, en Psicolog\u00eda y Educaci\u00f3n Inicial y Preescolar, la mayor\u00eda aplicadas en la instituci\u00f3n.\u00a0 Premio de la Academia de Ciencias-ICCP por mejor investigaci\u00f3n cient\u00edfica del quinquenio 1986-1990, en Estimulaci\u00f3n Temprana, y en 1993, en Desarrollo del Lenguaje.<\/p>\n<p>Tiene m\u00e1s de 180 art\u00edculos t\u00e9cnicos y cient\u00edficos, en publicaciones cubanas y extranjeras (Rusia, Checoslovaquia, M\u00e9xico, Ecuador, Argentina, Colombia, Brasil, Venezuela, Espa\u00f1a, EE.UU., entre otros). Autor de m\u00e1s de 15 libros de la especialidad, editados en Cuba, Espa\u00f1a, M\u00e9xico, entre otros, en temas tales como Inform\u00e1tica Infantil, Lenguaje, Biling\u00fcismo, Neurociencias, Educaci\u00f3n Multicultural, Formaci\u00f3n ciudadana, Proyecto educativo, Curr\u00edculo, Educaci\u00f3n para la paz, Adaptaci\u00f3n, Educaci\u00f3n infantil por v\u00edas no formales, Atenci\u00f3n cl\u00ednico-educativa, Modelos pedag\u00f3gicos de la educaci\u00f3n infantil, Derechos y deberes de los ni\u00f1os, entre otros.<\/p>\n<p>Autor de la Prueba FM de Caracterizaci\u00f3n del desarrollo evolutivo del lenguaje. (Validada en 1990). Ha validado diversas pruebas psicol\u00f3gicas para uso cl\u00ednico y profesional, tales como la Escala de Desarrollo Brunet-L\u00e8zine, el Test de frases incompletas de Rotter, entre otras.<\/p>\n<p>Premio Nacional de Educaci\u00f3n \u201cEducador destacado del Siglo XX en Cuba\u201d en el 2009, por la obra de una vida dedicada a la educaci\u00f3n infantil. Premio Literario Nacional en Teatro Infantil, en 1975, en Cuba. Menci\u00f3n en Cuento en otros concursos literarios. Ha publicado literatura de adultos en diversas revistas en Cuba, en ciencia-ficci\u00f3n.<\/p>\n","protected":false},"excerpt":{"rendered":"<p>Doctor en Ciencias Psicol\u00f3gicas, Universidad de la Habana &#8211; Instituto Central de Ciencias Pedag\u00f3gicas Investigador en Neurociencias por el Instituto de Investigaciones Cient\u00edficas de la Academia de Ciencias Pedag\u00f3gicas de Rusia Licenciado en Psicolog\u00eda, Universidad de La Habana Especialista en Neurociencias y Educaci\u00f3n de la primera infancia Especialista en Educaci\u00f3n prenatal y Estimulaci\u00f3n fetal intrauterina [&hellip;]<\/p>\n","protected":false},"author":1,"featured_media":74,"parent":6,"menu_order":0,"comment_status":"closed","ping_status":"closed","template":"plantilla-profesional.php","meta":{"footnotes":""},"_links":{"self":[{"href":"https:\/\/www.t4tes.com\/es\/wp-json\/wp\/v2\/pages\/37"}],"collection":[{"href":"https:\/\/www.t4tes.com\/es\/wp-json\/wp\/v2\/pages"}],"about":[{"href":"https:\/\/www.t4tes.com\/es\/wp-json\/wp\/v2\/types\/page"}],"author":[{"embeddable":true,"href":"https:\/\/www.t4tes.com\/es\/wp-json\/wp\/v2\/users\/1"}],"replies":[{"embeddable":true,"href":"https:\/\/www.t4tes.com\/es\/wp-json\/wp\/v2\/comments?post=37"}],"version-history":[{"count":0,"href":"https:\/\/www.t4tes.com\/es\/wp-json\/wp\/v2\/pages\/37\/revisions"}],"up":[{"embeddable":true,"href":"https:\/\/www.t4tes.com\/es\/wp-json\/wp\/v2\/pages\/6"}],"wp:featuredmedia":[{"embeddable":true,"href":"https:\/\/www.t4tes.com\/es\/wp-json\/wp\/v2\/media\/74"}],"wp:attachment":[{"href":"https:\/\/www.t4tes.com\/es\/wp-json\/wp\/v2\/media?parent=37"}],"curies":[{"name":"wp","href":"https:\/\/api.w.org\/{rel}","templated":true}]}}