{"id":38,"date":"2017-02-09T00:37:15","date_gmt":"2017-02-09T06:37:15","guid":{"rendered":"http:\/\/www.t4tes.com\/?page_id=38"},"modified":"2017-11-29T19:35:11","modified_gmt":"2017-11-30T01:35:11","slug":"rossana-mas","status":"publish","type":"page","link":"https:\/\/www.t4tes.com\/es\/nosotros\/rossana-mas\/","title":{"rendered":"MSc. Rossana Mas"},"content":{"rendered":"<p>M\u00e1ster en Educaci\u00f3n, Universidad Tecnol\u00f3gica de la Habana, Cuba.<br \/>\nEspecialista en Rehabilitaci\u00f3n de Salud Mental<br \/>\nLicenciada Educaci\u00f3n. Especialidad Historia<\/p>\n<p>Especialista en Rehabilitaci\u00f3n de Salud Mental\u00a0(Oklahoma, 2014).\u00a018 cr\u00e9ditos de Maestr\u00eda en Educaci\u00f3n,\u00a0(Nova University, Florida, 2007) Maestr\u00eda en Educaci\u00f3n (Universidad Tecnol\u00f3gica de la Habana, Cuba, 2004), Diplomado en Comunicaci\u00f3n para la Gesti\u00f3n Profesional (Habana, 2000). Diplomado en Investigaci\u00f3n Educativa (1995).\u00a0Licenciada en Educaci\u00f3n. Especialidad Historia (Santiago de Cuba, 1986).<\/p>\n<p>En la actualidad se desarrolla como especialista en el \u00e1rea de Educaci\u00f3n Inicial y Preescolar, como profesora,\u00a0Investigadora,\u00a0y\u00a0facilitadora. Ha demostrado experiencia con familias en desventajas socio-econ\u00f3micas.\u00a0Cuenta con m\u00e1s de 20 a\u00f1os de experiencia en el \u00e1rea educativa en Cuba, que incluye educaci\u00f3n media superior, educaci\u00f3n universitaria; en Cuba y Ecuador en las \u00e1reas de Curr\u00edculo e instrucci\u00f3n, Investigaci\u00f3n Educativa. Ha participado en eventos internacionales como ponente y jurado. Excelente manejo de ambientes culturalmente diversificados. Amplia experiencia en investigaci\u00f3n educativa. Rossana ha publicado art\u00edculos y ponencias tanto del \u00e1rea educativa como de investigaciones hist\u00f3ricas.<\/p>\n","protected":false},"excerpt":{"rendered":"<p>M\u00e1ster en Educaci\u00f3n, Universidad Tecnol\u00f3gica de la Habana, Cuba. Especialista en Rehabilitaci\u00f3n de Salud Mental Licenciada Educaci\u00f3n. Especialidad Historia Especialista en Rehabilitaci\u00f3n de Salud Mental\u00a0(Oklahoma, 2014).\u00a018 cr\u00e9ditos de Maestr\u00eda en Educaci\u00f3n,\u00a0(Nova University, Florida, 2007) Maestr\u00eda en Educaci\u00f3n (Universidad Tecnol\u00f3gica de la Habana, Cuba, 2004), Diplomado en Comunicaci\u00f3n para la Gesti\u00f3n Profesional (Habana, 2000). Diplomado en [&hellip;]<\/p>\n","protected":false},"author":1,"featured_media":40,"parent":6,"menu_order":0,"comment_status":"closed","ping_status":"closed","template":"plantilla-profesional.php","meta":{"footnotes":""},"_links":{"self":[{"href":"https:\/\/www.t4tes.com\/es\/wp-json\/wp\/v2\/pages\/38"}],"collection":[{"href":"https:\/\/www.t4tes.com\/es\/wp-json\/wp\/v2\/pages"}],"about":[{"href":"https:\/\/www.t4tes.com\/es\/wp-json\/wp\/v2\/types\/page"}],"author":[{"embeddable":true,"href":"https:\/\/www.t4tes.com\/es\/wp-json\/wp\/v2\/users\/1"}],"replies":[{"embeddable":true,"href":"https:\/\/www.t4tes.com\/es\/wp-json\/wp\/v2\/comments?post=38"}],"version-history":[{"count":0,"href":"https:\/\/www.t4tes.com\/es\/wp-json\/wp\/v2\/pages\/38\/revisions"}],"up":[{"embeddable":true,"href":"https:\/\/www.t4tes.com\/es\/wp-json\/wp\/v2\/pages\/6"}],"wp:featuredmedia":[{"embeddable":true,"href":"https:\/\/www.t4tes.com\/es\/wp-json\/wp\/v2\/media\/40"}],"wp:attachment":[{"href":"https:\/\/www.t4tes.com\/es\/wp-json\/wp\/v2\/media?parent=38"}],"curies":[{"name":"wp","href":"https:\/\/api.w.org\/{rel}","templated":true}]}}