{"id":4,"date":"2016-12-18T15:48:09","date_gmt":"2016-12-18T21:48:09","guid":{"rendered":"http:\/\/www.t4tes.com\/?page_id=4"},"modified":"2018-02-08T17:19:29","modified_gmt":"2018-02-08T23:19:29","slug":"contact","status":"publish","type":"page","link":"https:\/\/www.t4tes.com\/es\/contact\/","title":{"rendered":"Contacto"},"content":{"rendered":"<p><\/p>\n<h3>\u00bfComo podemos ayudarlo?<\/h3>\n<p>Cont\u00e1ctese con nosotros para recibir mayor informaci\u00f3n sobre nuestros servicios y sepa c\u00f3mo podemos ayudarlo.<\/p>","protected":false},"excerpt":{"rendered":"<p>\u00bfComo podemos ayudarlo? Cont\u00e1ctese con nosotros para recibir mayor informaci\u00f3n sobre nuestros servicios y sepa c\u00f3mo podemos ayudarlo.<\/p>\n","protected":false},"author":1,"featured_media":0,"parent":0,"menu_order":0,"comment_status":"closed","ping_status":"closed","template":"plantilla-contacto.php","meta":{"footnotes":""},"_links":{"self":[{"href":"https:\/\/www.t4tes.com\/es\/wp-json\/wp\/v2\/pages\/4"}],"collection":[{"href":"https:\/\/www.t4tes.com\/es\/wp-json\/wp\/v2\/pages"}],"about":[{"href":"https:\/\/www.t4tes.com\/es\/wp-json\/wp\/v2\/types\/page"}],"author":[{"embeddable":true,"href":"https:\/\/www.t4tes.com\/es\/wp-json\/wp\/v2\/users\/1"}],"replies":[{"embeddable":true,"href":"https:\/\/www.t4tes.com\/es\/wp-json\/wp\/v2\/comments?post=4"}],"version-history":[{"count":0,"href":"https:\/\/www.t4tes.com\/es\/wp-json\/wp\/v2\/pages\/4\/revisions"}],"wp:attachment":[{"href":"https:\/\/www.t4tes.com\/es\/wp-json\/wp\/v2\/media?parent=4"}],"curies":[{"name":"wp","href":"https:\/\/api.w.org\/{rel}","templated":true}]}}