{"id":41,"date":"2017-02-09T00:48:05","date_gmt":"2017-02-09T06:48:05","guid":{"rendered":"http:\/\/www.t4tes.com\/?page_id=41"},"modified":"2017-10-27T13:54:33","modified_gmt":"2017-10-27T19:54:33","slug":"mark-rushton","status":"publish","type":"page","link":"https:\/\/www.t4tes.com\/es\/nosotros\/mark-rushton\/","title":{"rendered":"PhD. Mark Rushton"},"content":{"rendered":"<p><\/p>\n<div style=\"display: table; \">\n<div style=\"display: table-row\">\n<div style=\"display: table-cell; padding: 3px;\">\n<a href=\"https:\/\/www.linkedin.com\/in\/drmarkrushton\/\" target=\"_blank\"><img loading=\"lazy\" decoding=\"async\" src=\"https:\/\/www.t4tes.com\/wp-content\/uploads\/2016\/12\/in.png\" alt=\"\" width=\"30\" height=\"30\"  class=\"alignnone size-full wp-image-111\" \/><\/a>\n <\/div>\n<\/p><\/div>\n<\/div>\n<p>Dr. Mark Rushton<br \/>\nCoordinador Editorial \/ Traductor<br \/>\nRevista Migraci\u00f3n y Desarrollo<br \/>\nUniversidad Aut\u00f3noma de Zacatecas<br \/>\nDoctor en Ciencias en Estudios de Desarrollo <\/p>\n<p>El Dr. Mark Rushton obtuvo el grado de doctor en el a\u00f1o 2010 por la Universidad Aut\u00f3noma de Zacatecas, M\u00e9xico. Es M\u00e1ster en Artes, en Estudios de Desarrollo Internacional por Saint Mary\u2019s University, Halifax, Canad\u00e1.<\/p>\n<p>Tiene experiencia en las \u00e1reas de medios de difusi\u00f3n, sociolog\u00eda, globalizaci\u00f3n, programaci\u00f3n transcultural para j\u00f3venes, y tecnolog\u00edas de la informaci\u00f3n y la comunicaci\u00f3n (TIC). Ha gestionado y dirigido proyectos, organizado conferencias, y ha trabajado con la juventud y en variadas organizaciones de desarrollo comunitario.<\/p>\n<p>Sus principales focos de investigaci\u00f3n son: Desarrollo Humano; Tecnolog\u00edas de Comunicaci\u00f3n y Inform\u00e1tica; Nanotecnolog\u00eda y Sociedad.<\/p>\n<p>Tiene publicaciones sobre tem\u00e1ticas sociol\u00f3gicas y el desarrollo de la nanotecnolog\u00eda en Am\u00e9rica Latina.<\/p>\n<p>Ha acumulado experiencia internacional en Cuba, Jamaica, el Caribe y Am\u00e9rica Latina en general en proyectos y organizaciones sin \u00e1nimos de lucro (non-profit organizations).<\/p>\n<p>Se ha desempe\u00f1ado como director, webmaster y voluntario en la organizaci\u00f3n Nova Scotia-Cuba Association (NSCuba); webmaster en la Red de Estudios Cr\u00edticos del Desarrollo.<\/p>","protected":false},"excerpt":{"rendered":"<p>Dr. Mark Rushton Coordinador Editorial \/ Traductor Revista Migraci\u00f3n y Desarrollo Universidad Aut\u00f3noma de Zacatecas Doctor en Ciencias en Estudios de Desarrollo El Dr. Mark Rushton obtuvo el grado de doctor en el a\u00f1o 2010 por la Universidad Aut\u00f3noma de Zacatecas, M\u00e9xico. Es M\u00e1ster en Artes, en Estudios de Desarrollo Internacional por Saint Mary\u2019s University, [&hellip;]<\/p>\n","protected":false},"author":1,"featured_media":72,"parent":6,"menu_order":0,"comment_status":"closed","ping_status":"closed","template":"plantilla-profesional.php","meta":{"footnotes":""},"_links":{"self":[{"href":"https:\/\/www.t4tes.com\/es\/wp-json\/wp\/v2\/pages\/41"}],"collection":[{"href":"https:\/\/www.t4tes.com\/es\/wp-json\/wp\/v2\/pages"}],"about":[{"href":"https:\/\/www.t4tes.com\/es\/wp-json\/wp\/v2\/types\/page"}],"author":[{"embeddable":true,"href":"https:\/\/www.t4tes.com\/es\/wp-json\/wp\/v2\/users\/1"}],"replies":[{"embeddable":true,"href":"https:\/\/www.t4tes.com\/es\/wp-json\/wp\/v2\/comments?post=41"}],"version-history":[{"count":0,"href":"https:\/\/www.t4tes.com\/es\/wp-json\/wp\/v2\/pages\/41\/revisions"}],"up":[{"embeddable":true,"href":"https:\/\/www.t4tes.com\/es\/wp-json\/wp\/v2\/pages\/6"}],"wp:featuredmedia":[{"embeddable":true,"href":"https:\/\/www.t4tes.com\/es\/wp-json\/wp\/v2\/media\/72"}],"wp:attachment":[{"href":"https:\/\/www.t4tes.com\/es\/wp-json\/wp\/v2\/media?parent=41"}],"curies":[{"name":"wp","href":"https:\/\/api.w.org\/{rel}","templated":true}]}}