{"id":42,"date":"2017-02-09T00:48:30","date_gmt":"2017-02-09T06:48:30","guid":{"rendered":"http:\/\/www.t4tes.com\/?page_id=42"},"modified":"2017-10-22T14:56:24","modified_gmt":"2017-10-22T20:56:24","slug":"xiomara-hernandez","status":"publish","type":"page","link":"https:\/\/www.t4tes.com\/es\/nosotros\/xiomara-hernandez\/","title":{"rendered":"Dr. Xiomara Hern\u00e1ndez"},"content":{"rendered":"<p>Doctor en Ciencias Pedag\u00f3gicas, Universidad Pedag\u00f3gica Enrique Jos\u00e9 Varona, Cuba<br \/>\nM\u00e1ster en ciencias\u00a0 en\u00a0 Educaci\u00f3n Infantil<br \/>\nLicenciada en Educaci\u00f3n Infantil<\/p>\n<p>La Dra. Hern\u00e1ndez es especialista en Educaci\u00f3n y Formaci\u00f3n de maestros. Obtuvo el grado de M\u00e1ster en Educaci\u00f3n Infantil en el a\u00f1o 2001 y el de Doctor en Ciencias Pedag\u00f3gicas en el 2003. Como l\u00edneas de investigaci\u00f3n ha trabajado en la evaluaci\u00f3n de la calidad educacional, evaluaci\u00f3n de la actuaci\u00f3n profesional del maestro y la Pedagog\u00eda Preescolar. Ha publicado art\u00edculos a partir de los resultados de estas investigaciones. En la actualidad se desempe\u00f1a como Instructor del cuidado de los ni\u00f1os en el Miami Dade College, campus de Hialeah. Dr. Hern\u00e1ndez ha trabajado como maestro, profesora, investigadora y asesor educativo en diferentes instituciones y pa\u00edses como Cuba, Bolivia, Ecuador, M\u00e9xico, Venezuela, Rusia y Estados Unidos.<\/p>","protected":false},"excerpt":{"rendered":"<p>Doctor en Ciencias Pedag\u00f3gicas, Universidad Pedag\u00f3gica Enrique Jos\u00e9 Varona, Cuba M\u00e1ster en ciencias\u00a0 en\u00a0 Educaci\u00f3n Infantil Licenciada en Educaci\u00f3n Infantil La Dra. Hern\u00e1ndez es especialista en Educaci\u00f3n y Formaci\u00f3n de maestros. Obtuvo el grado de M\u00e1ster en Educaci\u00f3n Infantil en el a\u00f1o 2001 y el de Doctor en Ciencias Pedag\u00f3gicas en el 2003. Como l\u00edneas [&hellip;]<\/p>\n","protected":false},"author":1,"featured_media":0,"parent":6,"menu_order":0,"comment_status":"closed","ping_status":"closed","template":"plantilla-profesional.php","meta":{"footnotes":""},"_links":{"self":[{"href":"https:\/\/www.t4tes.com\/es\/wp-json\/wp\/v2\/pages\/42"}],"collection":[{"href":"https:\/\/www.t4tes.com\/es\/wp-json\/wp\/v2\/pages"}],"about":[{"href":"https:\/\/www.t4tes.com\/es\/wp-json\/wp\/v2\/types\/page"}],"author":[{"embeddable":true,"href":"https:\/\/www.t4tes.com\/es\/wp-json\/wp\/v2\/users\/1"}],"replies":[{"embeddable":true,"href":"https:\/\/www.t4tes.com\/es\/wp-json\/wp\/v2\/comments?post=42"}],"version-history":[{"count":0,"href":"https:\/\/www.t4tes.com\/es\/wp-json\/wp\/v2\/pages\/42\/revisions"}],"up":[{"embeddable":true,"href":"https:\/\/www.t4tes.com\/es\/wp-json\/wp\/v2\/pages\/6"}],"wp:attachment":[{"href":"https:\/\/www.t4tes.com\/es\/wp-json\/wp\/v2\/media?parent=42"}],"curies":[{"name":"wp","href":"https:\/\/api.w.org\/{rel}","templated":true}]}}