{"id":43,"date":"2017-02-09T00:49:08","date_gmt":"2017-02-09T06:49:08","guid":{"rendered":"http:\/\/www.t4tes.com\/?page_id=43"},"modified":"2017-10-22T14:57:29","modified_gmt":"2017-10-22T20:57:29","slug":"christopher-berry","status":"publish","type":"page","link":"https:\/\/www.t4tes.com\/es\/nosotros\/christopher-berry\/","title":{"rendered":"Christopher Berry"},"content":{"rendered":"<p>Director de Lenguaje y Servicios Culturales, Escuelas P\u00fablicas de la Ciudad de Oklahoma (EPCOK). 5 a\u00f1os de experiencia como director.<\/p>\n<p>El departamento de Lenguaje y Servicios Culturales, guiado por las seis metas de Equidad Educacional, trazados en el plan de EPCOK, est\u00e1 comprometido con el \u00e9xito de los maestros, de estudiantes y de la familia. Las facetas de nuestro papel en las\u00a0 EPCOK incluyen la creaci\u00f3n e implementaci\u00f3n de programas instruccionales potentes e innovadores para aprendices de Idioma ingl\u00e9s, elaboraci\u00f3n y entrega de un s\u00f3lido desarrollo profesional para educadores en su trabajo con estudiantes de ambientes culturales diversos; servicios y entrenamientos en interpretaci\u00f3n y traducci\u00f3n; construcci\u00f3n de puentes escuela-familia- comunidad; involucrar, educar y capacitar a padres y familia para ser defensores de sus hijos y tomadores de decisiones en el proceso educacional, as\u00ed como proporcionar apoyo continuo a las partes interesadas.<\/p>","protected":false},"excerpt":{"rendered":"<p>Director de Lenguaje y Servicios Culturales, Escuelas P\u00fablicas de la Ciudad de Oklahoma (EPCOK). 5 a\u00f1os de experiencia como director. El departamento de Lenguaje y Servicios Culturales, guiado por las seis metas de Equidad Educacional, trazados en el plan de EPCOK, est\u00e1 comprometido con el \u00e9xito de los maestros, de estudiantes y de la familia. [&hellip;]<\/p>\n","protected":false},"author":1,"featured_media":0,"parent":6,"menu_order":0,"comment_status":"closed","ping_status":"closed","template":"plantilla-profesional.php","meta":{"footnotes":""},"_links":{"self":[{"href":"https:\/\/www.t4tes.com\/es\/wp-json\/wp\/v2\/pages\/43"}],"collection":[{"href":"https:\/\/www.t4tes.com\/es\/wp-json\/wp\/v2\/pages"}],"about":[{"href":"https:\/\/www.t4tes.com\/es\/wp-json\/wp\/v2\/types\/page"}],"author":[{"embeddable":true,"href":"https:\/\/www.t4tes.com\/es\/wp-json\/wp\/v2\/users\/1"}],"replies":[{"embeddable":true,"href":"https:\/\/www.t4tes.com\/es\/wp-json\/wp\/v2\/comments?post=43"}],"version-history":[{"count":0,"href":"https:\/\/www.t4tes.com\/es\/wp-json\/wp\/v2\/pages\/43\/revisions"}],"up":[{"embeddable":true,"href":"https:\/\/www.t4tes.com\/es\/wp-json\/wp\/v2\/pages\/6"}],"wp:attachment":[{"href":"https:\/\/www.t4tes.com\/es\/wp-json\/wp\/v2\/media?parent=43"}],"curies":[{"name":"wp","href":"https:\/\/api.w.org\/{rel}","templated":true}]}}