{"id":47,"date":"2017-02-23T13:46:57","date_gmt":"2017-02-23T19:46:57","guid":{"rendered":"http:\/\/www.t4tes.com\/?page_id=47"},"modified":"2017-10-24T09:58:54","modified_gmt":"2017-10-24T15:58:54","slug":"stephen-sroka","status":"publish","type":"page","link":"https:\/\/www.t4tes.com\/es\/nosotros\/stephen-sroka\/","title":{"rendered":"Dr. Stephen R. Sroka"},"content":{"rendered":"<p><\/p>\n<div style=\"display: table; \">\n<div style=\"display: table-row\">\n<div style=\"display: table-cell; padding: 3px;\">\n<a href=\"https:\/\/www.linkedin.com\/in\/dr-stephen-sroka-7765456a\/ \" target=\"_blank\"><img loading=\"lazy\" decoding=\"async\" src=\"https:\/\/www.t4tes.com\/wp-content\/uploads\/2016\/12\/in.png\" alt=\"\" width=\"30\" height=\"30\"  class=\"alignnone size-full wp-image-111\" \/><\/a>\n <\/div>\n<div style=\"display: table-cell; padding: 3px;\">\n<a href=\"http:\/\/www.drstephensroka.com\/ \" target=\"_blank\"><img loading=\"lazy\" decoding=\"async\" src=\"https:\/\/www.t4tes.com\/wp-content\/uploads\/2016\/12\/me.png\" alt=\"\" width=\"30\" height=\"30\" class=\"alignnone size-full wp-image-111\" \/><\/a>\n  <\/div>\n<\/p><\/div>\n<\/div>\n<p>Presidente, Consultores de Educaci\u00f3n para la Salud<br \/>\nProfesor asistente adjunto, Escuela de Medicina<br \/>\nUniversidad Case Western Reserve<\/p>\n<p>El Dr. Stephen Sroka es un reconocido orador y conferencista internacional, entrenador, maestro y consultor educativo en un n\u00famero importante de \u00e1reas: educaci\u00f3n para la salud de adolescentes, sexualidad, drogadicci\u00f3n (incluyendo hero\u00edna, opi\u00e1ceos, fentanilo, carfentanilo), educaci\u00f3n para la prevenci\u00f3n de la violencia (incluyendo acoso y suicidio), seguridad escolar, aprendizaje basado en el cerebro, estudiantes en riesgo y educaci\u00f3n alternativa, salud mental, aprendizaje social emocional, trauma informado, clima escolar, justicia juvenil, crianza, prevenci\u00f3n de la deserci\u00f3n escolar y construcci\u00f3n de liderazgo para escuelas y comunidades. El Dr. Sroka ha escrito libros, art\u00edculos y desarrollado curr\u00edculos para las tem\u00e1ticas de enfermedades de trasmisi\u00f3n sexual, VIH, drogas, hero\u00edna, adolescentes en riesgo, marihuana, opi\u00e1ceos sint\u00e9ticos, habilidades para enfrentar problemas, educaci\u00f3n sexual, aprendizaje social emocional, seguridad escolar, y el ni\u00f1o como un todo (The whole child). Ha colaborado con la Universidad Case Western Reserve, Escuela de Medicina, Salud Familiar y Comunitaria, Universidad del estado de Cleveland y la Universidad de Guam. Posee 48 a\u00f1os de experiencia.<\/p>","protected":false},"excerpt":{"rendered":"<p>Presidente, Consultores de Educaci\u00f3n para la Salud Profesor asistente adjunto, Escuela de Medicina Universidad Case Western Reserve El Dr. Stephen Sroka es un reconocido orador y conferencista internacional, entrenador, maestro y consultor educativo en un n\u00famero importante de \u00e1reas: educaci\u00f3n para la salud de adolescentes, sexualidad, drogadicci\u00f3n (incluyendo hero\u00edna, opi\u00e1ceos, fentanilo, carfentanilo), educaci\u00f3n para la [&hellip;]<\/p>\n","protected":false},"author":1,"featured_media":65,"parent":6,"menu_order":1,"comment_status":"closed","ping_status":"closed","template":"plantilla-profesional.php","meta":{"footnotes":""},"_links":{"self":[{"href":"https:\/\/www.t4tes.com\/es\/wp-json\/wp\/v2\/pages\/47"}],"collection":[{"href":"https:\/\/www.t4tes.com\/es\/wp-json\/wp\/v2\/pages"}],"about":[{"href":"https:\/\/www.t4tes.com\/es\/wp-json\/wp\/v2\/types\/page"}],"author":[{"embeddable":true,"href":"https:\/\/www.t4tes.com\/es\/wp-json\/wp\/v2\/users\/1"}],"replies":[{"embeddable":true,"href":"https:\/\/www.t4tes.com\/es\/wp-json\/wp\/v2\/comments?post=47"}],"version-history":[{"count":0,"href":"https:\/\/www.t4tes.com\/es\/wp-json\/wp\/v2\/pages\/47\/revisions"}],"up":[{"embeddable":true,"href":"https:\/\/www.t4tes.com\/es\/wp-json\/wp\/v2\/pages\/6"}],"wp:featuredmedia":[{"embeddable":true,"href":"https:\/\/www.t4tes.com\/es\/wp-json\/wp\/v2\/media\/65"}],"wp:attachment":[{"href":"https:\/\/www.t4tes.com\/es\/wp-json\/wp\/v2\/media?parent=47"}],"curies":[{"name":"wp","href":"https:\/\/api.w.org\/{rel}","templated":true}]}}