{"id":48,"date":"2017-02-23T13:48:46","date_gmt":"2017-02-23T19:48:46","guid":{"rendered":"http:\/\/www.t4tes.com\/?page_id=48"},"modified":"2017-10-22T14:58:16","modified_gmt":"2017-10-22T20:58:16","slug":"alexander-justel-betancourt","status":"publish","type":"page","link":"https:\/\/www.t4tes.com\/es\/nosotros\/alexander-justel-betancourt\/","title":{"rendered":"Alexander Justel Betancourt"},"content":{"rendered":"<p>Ingeniero Civil, Universidad de Holgu\u00edn, Cuba.<\/p>\n<p>Ingeniero civil de experiencia y t\u00e9cnico en CADD, especializado en Fotogrametr\u00eda. Posee experiencia en investigaci\u00f3n acad\u00e9mica multidisciplinaria y pedag\u00f3gica y como moderador y facilitador de debates escolares. Altamente adaptable a situaciones diversas y al trabajo con personas de diferentes antecedentes y ambientes. Fue profesor de siete asignaturas del curr\u00edculo de la carrera de Ingenier\u00eda Civil en la Universidad de Holgu\u00edn, Cuba. \u00a0Responsable acad\u00e9mico y autor de la introducci\u00f3n de nuevos cursos en el curr\u00edculo de la carrera de ingenier\u00eda Civil. Ha desarrollado docencia de pregrado en la universidad de Azuay, Ecuador, siendo pionero en la introducci\u00f3n de herramientas de Fotogrametr\u00eda, a partir de su experiencia en Cuba. Esta tecnolog\u00eda permiti\u00f3 a profesores y estudiantes crear el mayor catalogo digital de Ecuador, con planos detallados de casi el 100% de los edificios hist\u00f3ricos de la ciudad.<\/p>","protected":false},"excerpt":{"rendered":"<p>Ingeniero Civil, Universidad de Holgu\u00edn, Cuba. Ingeniero civil de experiencia y t\u00e9cnico en CADD, especializado en Fotogrametr\u00eda. Posee experiencia en investigaci\u00f3n acad\u00e9mica multidisciplinaria y pedag\u00f3gica y como moderador y facilitador de debates escolares. Altamente adaptable a situaciones diversas y al trabajo con personas de diferentes antecedentes y ambientes. Fue profesor de siete asignaturas del curr\u00edculo [&hellip;]<\/p>\n","protected":false},"author":1,"featured_media":0,"parent":6,"menu_order":0,"comment_status":"closed","ping_status":"closed","template":"plantilla-profesional.php","meta":{"footnotes":""},"_links":{"self":[{"href":"https:\/\/www.t4tes.com\/es\/wp-json\/wp\/v2\/pages\/48"}],"collection":[{"href":"https:\/\/www.t4tes.com\/es\/wp-json\/wp\/v2\/pages"}],"about":[{"href":"https:\/\/www.t4tes.com\/es\/wp-json\/wp\/v2\/types\/page"}],"author":[{"embeddable":true,"href":"https:\/\/www.t4tes.com\/es\/wp-json\/wp\/v2\/users\/1"}],"replies":[{"embeddable":true,"href":"https:\/\/www.t4tes.com\/es\/wp-json\/wp\/v2\/comments?post=48"}],"version-history":[{"count":0,"href":"https:\/\/www.t4tes.com\/es\/wp-json\/wp\/v2\/pages\/48\/revisions"}],"up":[{"embeddable":true,"href":"https:\/\/www.t4tes.com\/es\/wp-json\/wp\/v2\/pages\/6"}],"wp:attachment":[{"href":"https:\/\/www.t4tes.com\/es\/wp-json\/wp\/v2\/media?parent=48"}],"curies":[{"name":"wp","href":"https:\/\/api.w.org\/{rel}","templated":true}]}}