{"id":50,"date":"2017-02-23T14:10:47","date_gmt":"2017-02-23T20:10:47","guid":{"rendered":"http:\/\/www.t4tes.com\/?page_id=50"},"modified":"2017-10-22T14:54:03","modified_gmt":"2017-10-22T20:54:03","slug":"delia-rios-marand","status":"publish","type":"page","link":"https:\/\/www.t4tes.com\/es\/nosotros\/delia-rios-marand\/","title":{"rendered":"Dr. Delia Rios Marand"},"content":{"rendered":"<p>Doctor en Educaci\u00f3n, Universidad de Illinois, Champaign-Urbana<br \/>\nCurso de Administraci\u00f3n de la Educaci\u00f3n, Universidad de Texas, Brownsville<br \/>\nM\u00e1ster en Ciencias de la Educaci\u00f3n, Universidad Western Illinois<br \/>\nLicenciada en Educaci\u00f3n, Universidad Western Illinois, Macomb, Illinois.<\/p>\n<p>La Dra. Marand cuenta con 35 a\u00f1os de experiencia administrativa y docente en el sistema escolar americano. Obtuvo el grado de M\u00e1ster en Ciencias de la Educaci\u00f3n en 1980 y el de Doctor en Ciencias de la Educaci\u00f3n en 1996. Se ha desempe\u00f1ado como maestra, profesora, consultante, facilitador instruccional, entrenador internacional y administrador de escuela. Ha desarrollado su labor docente desde el nivel primario o elemental hasta el universitario con pr\u00e1cticas eficaces de ense\u00f1anza en Illinois, Texas y Oklahoma. Por 5 a\u00f1os la Dra. Marand fue facilitadora instruccional en las escuelas primarias, desarrollando acciones de formaci\u00f3n profesional para los maestros en temas de habilidades intelectuales de orden superior, estrategias de alfabetizaci\u00f3n, aprendizaje cooperativo y evaluaci\u00f3n de portafolio. Como facilitador instruccional sus escuelas fueron reconocidas por el estado de Texas por sus mejoras significativas. Ha obtenido experiencia en\u00a0 Acad\u00e9micos Avanzados para el aprendizaje superior como consultante del Colegio de Educaci\u00f3n Superior por 5 a\u00f1os. Fue reconocida como maestra de idioma espa\u00f1ol posici\u00f3n avanzada (AP en ingl\u00e9s) en el estado de Oklahoma. Ha entrenado un n\u00famero importante de maestros de diferentes distritos en estrategias efectivas para obtener altas puntuaciones en la evaluaci\u00f3n de espa\u00f1ol AP y en pruebas estatales. En el nivel universitario ha ense\u00f1ado estrategias de lectura biling\u00fce, curr\u00edculo integrado, fundamentos para la educaci\u00f3n multicultural y cursos de primera infancia a estudiantes de pregrado en las Universidades de Texas y Western Illinois. La Dra. Marand tiene experiencia como presentador internacional a maestros en M\u00e9xico sobre el tema de evaluaci\u00f3n de portafolio. Recientemente como administrador en el estado de Oklahoma trabaj\u00f3 en el desarrollo habilidades en educaci\u00f3n efectiva, comunidades profesionales de aprendizaje, liderazgo instruccional, supervisi\u00f3n de maestros y construcci\u00f3n de equipos (equipos de alto rendimiento). Ella fue l\u00edder administrativo por 14 a\u00f1os y ha impactado en los \u00e9xitos educacionales de los estudiantes con estrategias efectivas en mapeo curricular y programas educativos.<\/p>","protected":false},"excerpt":{"rendered":"<p>Doctor en Educaci\u00f3n, Universidad de Illinois, Champaign-Urbana Curso de Administraci\u00f3n de la Educaci\u00f3n, Universidad de Texas, Brownsville M\u00e1ster en Ciencias de la Educaci\u00f3n, Universidad Western Illinois Licenciada en Educaci\u00f3n, Universidad Western Illinois, Macomb, Illinois. La Dra. Marand cuenta con 35 a\u00f1os de experiencia administrativa y docente en el sistema escolar americano. Obtuvo el grado de [&hellip;]<\/p>\n","protected":false},"author":1,"featured_media":51,"parent":6,"menu_order":2,"comment_status":"closed","ping_status":"closed","template":"plantilla-profesional.php","meta":{"footnotes":""},"_links":{"self":[{"href":"https:\/\/www.t4tes.com\/es\/wp-json\/wp\/v2\/pages\/50"}],"collection":[{"href":"https:\/\/www.t4tes.com\/es\/wp-json\/wp\/v2\/pages"}],"about":[{"href":"https:\/\/www.t4tes.com\/es\/wp-json\/wp\/v2\/types\/page"}],"author":[{"embeddable":true,"href":"https:\/\/www.t4tes.com\/es\/wp-json\/wp\/v2\/users\/1"}],"replies":[{"embeddable":true,"href":"https:\/\/www.t4tes.com\/es\/wp-json\/wp\/v2\/comments?post=50"}],"version-history":[{"count":0,"href":"https:\/\/www.t4tes.com\/es\/wp-json\/wp\/v2\/pages\/50\/revisions"}],"up":[{"embeddable":true,"href":"https:\/\/www.t4tes.com\/es\/wp-json\/wp\/v2\/pages\/6"}],"wp:featuredmedia":[{"embeddable":true,"href":"https:\/\/www.t4tes.com\/es\/wp-json\/wp\/v2\/media\/51"}],"wp:attachment":[{"href":"https:\/\/www.t4tes.com\/es\/wp-json\/wp\/v2\/media?parent=50"}],"curies":[{"name":"wp","href":"https:\/\/api.w.org\/{rel}","templated":true}]}}