{"id":69,"date":"2017-10-19T13:25:40","date_gmt":"2017-10-19T19:25:40","guid":{"rendered":"http:\/\/www.t4tes.com\/?page_id=69"},"modified":"2017-10-22T16:25:15","modified_gmt":"2017-10-22T22:25:15","slug":"recursos","status":"publish","type":"page","link":"https:\/\/www.t4tes.com\/es\/recursos\/","title":{"rendered":"Recursos"},"content":{"rendered":"<p><\/p>\n<div class=\"nosotros-equipo\">\n<div class=\"contenedor\">\n<div class=\"bloque\">\n<a class=\"imagen\" href=\"https:\/\/www.t4tes.com\/wp-content\/uploads\/2017\/10\/Recurso-1-Helping-Migrants-Families-to-be-Strongly-Engaged.pptx\" style=\"background-image:url('https:\/\/www.t4tes.com\/wp-content\/uploads\/2017\/10\/resource1.jpg'); border-radius: 5%;\" target=\"_blank\"><\/a><\/p>\n<div class=\"descripcion\">\n<a href=\"https:\/\/www.t4tes.com\/wp-content\/uploads\/2017\/10\/Recurso-1-Helping-Migrants-Families-to-be-Strongly-Engaged.pptx\" target=\"_blank\"><br \/>\n<strong>Ayudando a las familias migrantes a\u00a0estar fuertemente comprometidas. <\/strong><br \/>\n<\/a><br \/>\nEn esta presentaci\u00f3n se enuncian tres\u00a0acciones que \u00a0T4T\u00a0 considera determinantes para ayudar al\u00a0fortalecimiento de la estructura familiar\u00a0como soporte primario en la educaci\u00f3n de\u00a0los estudiantes migrantes.<\/div>\n<\/div>\n<div class=\"bloque\">\n<a class=\"imagen\" href=\"https:\/\/www.t4tes.com\/wp-content\/uploads\/2017\/10\/Turning-the-Power-of-One-into-the-Power-of-Many.pdf\" style=\"background-image:url('https:\/\/www.t4tes.com\/wp-content\/uploads\/2017\/10\/resource2.jpg'); border-radius: 5%;\"  target=\"_blank\"><\/a><\/p>\n<div class=\"descripcion\">\n<a href=\"https:\/\/www.t4tes.com\/wp-content\/uploads\/2017\/10\/Turning-the-Power-of-One-into-the-Power-of-Many.pdf\" target=\"_blank\"><br \/>\n<strong>\u201cConvertir el poder de uno en el poder de muchos\u201d. <\/strong><br \/>\n<\/a><br \/>\nPrograma de abuso de sustancias Es un programa de intervenci\u00f3n y prevenci\u00f3n, culturalmente sensible, dise\u00f1ado para estudiantes de escuela media y secundaria.<\/div>\n<\/div>\n<div class=\"bloque\">\n<a class=\"imagen\" href=\"https:\/\/www.youtube.com\/watch?v=TvnaNuFS7Fw&amp;t=424s\" style=\"background-image:url('https:\/\/www.t4tes.com\/wp-content\/uploads\/2017\/10\/resource3.jpg'); border-radius: 5%;\" target=\"_blank\" ><\/a><\/p>\n<div class=\"descripcion\">\n<a href=\"https:\/\/www.youtube.com\/watch?v=TvnaNuFS7Fw&amp;t=424s\" target=\"_blank\" ><br \/>\n<strong>Enfoques te\u00f3ricos de la estimulaci\u00f3n e intervenci\u00f3n temprana en el desarrollo de los ni\u00f1os.<br \/>\n<\/strong><br \/>\n<\/a><br \/>\nConferencia ofrecida por el Dr. Franklin Martinez, auspiciado por el Instituto de Neurociencias Aplicadas INEA.<\/div>\n<\/div>\n<div class=\"bloque\">\n<a class=\"imagen\" href=\"https:\/\/www.t4tes.com\/wp-content\/uploads\/2017\/10\/Primera-infancia-y-nuevas-tec-Franklin-Martinez.pdf\" style=\"background-image:url('https:\/\/www.t4tes.com\/wp-content\/uploads\/2017\/10\/resource4.jpg'); border-radius: 5%;\" target=\"_blank\" ><\/a><\/p>\n<div class=\"descripcion\">\n<a href=\"https:\/\/www.t4tes.com\/wp-content\/uploads\/2017\/10\/Primera-infancia-y-nuevas-tec-Franklin-Martinez.pdf\" target=\"_blank\" ><br \/>\n<strong>Primera infancia y las nuevas tecnolog\u00edas<br \/>\n<\/strong><br \/>\n<\/a><br \/>\nConferencia Dr. Franklin Mart\u00ednez Mendoza.\n<\/div>\n<\/div>\n<div class=\"bloque\">\n<a class=\"imagen\" href=\"https:\/\/www.t4tes.com\/wp-content\/uploads\/2017\/10\/Recurso-5-Families-with-purpose.docx\" style=\"background-image:url('https:\/\/www.t4tes.com\/wp-content\/uploads\/2017\/10\/resource5.jpg'); border-radius: 5%;\" target=\"_blank\" ><\/a><\/p>\n<div class=\"descripcion\">\n<a href=\"https:\/\/www.t4tes.com\/wp-content\/uploads\/2017\/10\/Recurso-5-Families-with-purpose.docx\" target=\"_blank\" ><br \/>\n<strong>Familias con Prop\u00f3sito. Ayudando a las familias hispanas a caminar hacia el \u00e9xito.<br \/>\n<\/strong><br \/>\n<\/a><br \/>\nPrograma educativo para mejorar la relaci\u00f3n de los padres hispanos con sus hijos en el hogar y con la<br \/>\n escuela<\/div>\n<\/div>\n<\/div>\n<\/div>\n<p><\/p>","protected":false},"excerpt":{"rendered":"<p>Ayudando a las familias migrantes a\u00a0estar fuertemente comprometidas. En esta presentaci\u00f3n se enuncian tres\u00a0acciones que \u00a0T4T\u00a0 considera determinantes para ayudar al\u00a0fortalecimiento de la estructura familiar\u00a0como soporte primario en la educaci\u00f3n de\u00a0los estudiantes migrantes. \u201cConvertir el poder de uno en el poder de muchos\u201d. Programa de abuso de sustancias Es un programa de intervenci\u00f3n y prevenci\u00f3n, [&hellip;]<\/p>\n","protected":false},"author":2,"featured_media":0,"parent":0,"menu_order":0,"comment_status":"closed","ping_status":"closed","template":"plantillas-resources.php","meta":{"footnotes":""},"_links":{"self":[{"href":"https:\/\/www.t4tes.com\/es\/wp-json\/wp\/v2\/pages\/69"}],"collection":[{"href":"https:\/\/www.t4tes.com\/es\/wp-json\/wp\/v2\/pages"}],"about":[{"href":"https:\/\/www.t4tes.com\/es\/wp-json\/wp\/v2\/types\/page"}],"author":[{"embeddable":true,"href":"https:\/\/www.t4tes.com\/es\/wp-json\/wp\/v2\/users\/2"}],"replies":[{"embeddable":true,"href":"https:\/\/www.t4tes.com\/es\/wp-json\/wp\/v2\/comments?post=69"}],"version-history":[{"count":0,"href":"https:\/\/www.t4tes.com\/es\/wp-json\/wp\/v2\/pages\/69\/revisions"}],"wp:attachment":[{"href":"https:\/\/www.t4tes.com\/es\/wp-json\/wp\/v2\/media?parent=69"}],"curies":[{"name":"wp","href":"https:\/\/api.w.org\/{rel}","templated":true}]}}