{"id":82,"date":"2017-10-16T18:27:28","date_gmt":"2017-10-17T00:27:28","guid":{"rendered":"http:\/\/www.t4tes.com\/?page_id=82"},"modified":"2018-03-16T15:37:54","modified_gmt":"2018-03-16T21:37:54","slug":"tematicas","status":"publish","type":"page","link":"https:\/\/www.t4tes.com\/es\/thematics\/tematicas\/","title":{"rendered":"Tem\u00e1ticas"},"content":{"rendered":"<p>\t<\/p>\n<div class=\"servicios-tematicas\">\n<div class=\"contenedor\">\n<ul>\n<li>Pedagog\u00eda y did\u00e1ctica de las ciencias b\u00e1sicas, naturales y humanidades.<\/li>\n<li>Procesos de Evaluaci\u00f3n de la instituci\u00f3n educativa.<\/li>\n<li>Calidad educativa y de los procesos escolares.<\/li>\n<li>Formaci\u00f3n de habilidades y competencias de maestros y educadores.<\/li>\n<li>Tecnolog\u00eda educativa.<\/li>\n<li>Evaluaci\u00f3n del aprendizaje.<\/li>\n<\/ul>\n<ul>\n<li>Concepci\u00f3n del proceso de aprendizaje a la luz de nuevas tendencias sicopedag\u00f3gicas apoyadas en experiencia exitosas.<\/li>\n<li>La formaci\u00f3n presencial, semipresencial y a distancia con el uso de las tecnolog\u00edas de la informaci\u00f3n y las comunicaciones (TIC). E-learning, b-learning, m-learning.<\/li>\n<li>Programas instruccionales para aprendices de idioma ingl\u00e9s.<\/li>\n<li><a href=\"https:\/\/www.t4tes.com\/espanol-construccion-de-puentes-escuela-padres-comunidad\/\">Construcci\u00f3n de puentes escuela, padres, comunidad.<\/a><\/li>\n<\/ul>\n<ul>\n<li>Educaci\u00f3n para la salud del adolescente y salud mental.<\/li>\n<li>Educaci\u00f3n prevenci\u00f3n (Educaci\u00f3n preventiva), seguridad y clima escolar.<\/li>\n<li>Aprendizaje basado en el cerebro, Aprendizaje emocional social.<\/li>\n<li>Construcci\u00f3n de liderazgo para escuelas y comunidades.<\/li>\n<\/ul><\/div>\n<\/p><\/div>\n<p><\/p>","protected":false},"excerpt":{"rendered":"<p>Pedagog\u00eda y did\u00e1ctica de las ciencias b\u00e1sicas, naturales y humanidades. Procesos de Evaluaci\u00f3n de la instituci\u00f3n educativa. Calidad educativa y de los procesos escolares. Formaci\u00f3n de habilidades y competencias de maestros y educadores. Tecnolog\u00eda educativa. Evaluaci\u00f3n del aprendizaje. Concepci\u00f3n del proceso de aprendizaje a la luz de nuevas tendencias sicopedag\u00f3gicas apoyadas en experiencia exitosas. La [&hellip;]<\/p>\n","protected":false},"author":2,"featured_media":0,"parent":84,"menu_order":0,"comment_status":"closed","ping_status":"closed","template":"plantilla-tematica.php","meta":{"footnotes":""},"_links":{"self":[{"href":"https:\/\/www.t4tes.com\/es\/wp-json\/wp\/v2\/pages\/82"}],"collection":[{"href":"https:\/\/www.t4tes.com\/es\/wp-json\/wp\/v2\/pages"}],"about":[{"href":"https:\/\/www.t4tes.com\/es\/wp-json\/wp\/v2\/types\/page"}],"author":[{"embeddable":true,"href":"https:\/\/www.t4tes.com\/es\/wp-json\/wp\/v2\/users\/2"}],"replies":[{"embeddable":true,"href":"https:\/\/www.t4tes.com\/es\/wp-json\/wp\/v2\/comments?post=82"}],"version-history":[{"count":0,"href":"https:\/\/www.t4tes.com\/es\/wp-json\/wp\/v2\/pages\/82\/revisions"}],"up":[{"embeddable":true,"href":"https:\/\/www.t4tes.com\/es\/wp-json\/wp\/v2\/pages\/84"}],"wp:attachment":[{"href":"https:\/\/www.t4tes.com\/es\/wp-json\/wp\/v2\/media?parent=82"}],"curies":[{"name":"wp","href":"https:\/\/api.w.org\/{rel}","templated":true}]}}